{"id":2,"date":"2020-12-09T08:39:08","date_gmt":"2020-12-09T07:39:08","guid":{"rendered":"\/?page_id=2"},"modified":"2021-08-03T15:47:12","modified_gmt":"2021-08-03T13:47:12","slug":"beispiel-seite","status":"publish","type":"page","link":"https:\/\/www.imkerei-sauerland.de\/","title":{"rendered":"Honig direkt vom Imker"},"content":{"rendered":"\n<p class=\"has-medium-font-size\">Herzlich Willkommen auf unserer Internetseite. <\/p>\n\n\n\n<p class=\"has-medium-font-size\">Hier m\u00f6chten wir Ihnen unsere kleine Imkerei vorstellen, Ihnen einen \u00dcberblick \u00fcber unsere Honigsorten und unsere Bienen geben und Ihnen unser Schleudermobil vorstellen. <\/p>\n","protected":false},"excerpt":{"rendered":"<p>Herzlich Willkommen auf unserer Internetseite. Hier m\u00f6chten wir Ihnen unsere kleine Imkerei vorstellen, Ihnen einen \u00dcberblick \u00fcber unsere Honigsorten und unsere Bienen geben und Ihnen unser Schleudermobil vorstellen.<\/p>\n","protected":false},"author":1,"featured_media":0,"parent":0,"menu_order":0,"comment_status":"closed","ping_status":"open","template":"","meta":{"footnotes":""},"class_list":["post-2","page","type-page","status-publish","hentry","no-thumb"],"_links":{"self":[{"href":"https:\/\/www.imkerei-sauerland.de\/index.php?rest_route=\/wp\/v2\/pages\/2","targetHints":{"allow":["GET"]}}],"collection":[{"href":"https:\/\/www.imkerei-sauerland.de\/index.php?rest_route=\/wp\/v2\/pages"}],"about":[{"href":"https:\/\/www.imkerei-sauerland.de\/index.php?rest_route=\/wp\/v2\/types\/page"}],"author":[{"embeddable":true,"href":"https:\/\/www.imkerei-sauerland.de\/index.php?rest_route=\/wp\/v2\/users\/1"}],"replies":[{"embeddable":true,"href":"https:\/\/www.imkerei-sauerland.de\/index.php?rest_route=%2Fwp%2Fv2%2Fcomments&post=2"}],"version-history":[{"count":3,"href":"https:\/\/www.imkerei-sauerland.de\/index.php?rest_route=\/wp\/v2\/pages\/2\/revisions"}],"predecessor-version":[{"id":179,"href":"https:\/\/www.imkerei-sauerland.de\/index.php?rest_route=\/wp\/v2\/pages\/2\/revisions\/179"}],"wp:attachment":[{"href":"https:\/\/www.imkerei-sauerland.de\/index.php?rest_route=%2Fwp%2Fv2%2Fmedia&parent=2"}],"curies":[{"name":"wp","href":"https:\/\/api.w.org\/{rel}","templated":true}]}}