{"id":20,"date":"2021-01-17T15:04:40","date_gmt":"2021-01-17T14:04:40","guid":{"rendered":"http:\/\/www.imkerei-sauerland.de\/?page_id=20"},"modified":"2023-02-20T17:49:39","modified_gmt":"2023-02-20T16:49:39","slug":"unsere-bienen","status":"publish","type":"page","link":"https:\/\/www.imkerei-sauerland.de\/?page_id=20","title":{"rendered":"Unsere Bienen"},"content":{"rendered":"\n<p class=\"has-medium-font-size\">Unsere Honigbienen geh\u00f6ren zur Gattung der Buckfustbienen. Diese Bienenrasse hat eine sehr hohe Leistungsf\u00e4higkeit und ist sehr Widerstandsf\u00e4hig gegen\u00fcber Krankheiten. Sie ist zudem sehr anpassungsf\u00e4hig und kann sich sehr gut unseren immer st\u00e4rker wechselnden klimatischen Bedingungen anpassen. Zudem ist die Buckfustbiene sehr friedfertig und bringt eine hohe Honigernte. <\/p>\n\n\n\n<p class=\"has-medium-font-size\">Eine einzelne Honigbiene muss f\u00fcr die Produktion von einem Kilo Honig etwa 2 Millionen Bl\u00fcten anfliegen und legt dabei 55.000 Kilometer zur\u00fcck. Mit einer Geschwindigkeit von bis zu 15 km\/h bewirtschaftet eine Biene einen Radius von 3 bis 4 Kilometern und kann bis zu 50 Bl\u00fcten pro Minute anfliegen. Mit ihrem eigenen Kompass findet die Biene innerhalb dieses Radius auch immer gezielt zum Stock zur\u00fcck. Mit ihrem Tanz und ihrer Duftmarkierung teilen sie im Stock dann den anderen Bienen mit, wo sie Nektar und Pollen gefunden haben. <\/p>\n\n\n\n<figure class=\"wp-block-gallery has-nested-images columns-default is-cropped wp-block-gallery-1 is-layout-flex wp-block-gallery-is-layout-flex\">\n<figure class=\"wp-block-image size-large\"><img loading=\"lazy\" decoding=\"async\" width=\"1024\" height=\"768\" data-id=\"189\" src=\"https:\/\/www.imkerei-sauerland.de\/wp-content\/uploads\/2023\/02\/Bienen_1-1024x768.jpg\" alt=\"\" class=\"wp-image-189\" srcset=\"https:\/\/www.imkerei-sauerland.de\/wp-content\/uploads\/2023\/02\/Bienen_1-1024x768.jpg 1024w, https:\/\/www.imkerei-sauerland.de\/wp-content\/uploads\/2023\/02\/Bienen_1-300x225.jpg 300w, https:\/\/www.imkerei-sauerland.de\/wp-content\/uploads\/2023\/02\/Bienen_1-768x576.jpg 768w, https:\/\/www.imkerei-sauerland.de\/wp-content\/uploads\/2023\/02\/Bienen_1-1536x1152.jpg 1536w, https:\/\/www.imkerei-sauerland.de\/wp-content\/uploads\/2023\/02\/Bienen_1-2048x1536.jpg 2048w\" sizes=\"auto, (max-width: 1024px) 100vw, 1024px\" \/><\/figure>\n\n\n\n<figure class=\"wp-block-image size-large\"><img loading=\"lazy\" decoding=\"async\" width=\"1024\" height=\"739\" data-id=\"187\" src=\"https:\/\/www.imkerei-sauerland.de\/wp-content\/uploads\/2023\/02\/Biene_2-1024x739.jpg\" alt=\"\" class=\"wp-image-187\" srcset=\"https:\/\/www.imkerei-sauerland.de\/wp-content\/uploads\/2023\/02\/Biene_2-1024x739.jpg 1024w, https:\/\/www.imkerei-sauerland.de\/wp-content\/uploads\/2023\/02\/Biene_2-300x216.jpg 300w, https:\/\/www.imkerei-sauerland.de\/wp-content\/uploads\/2023\/02\/Biene_2-768x554.jpg 768w, https:\/\/www.imkerei-sauerland.de\/wp-content\/uploads\/2023\/02\/Biene_2-1536x1108.jpg 1536w, https:\/\/www.imkerei-sauerland.de\/wp-content\/uploads\/2023\/02\/Biene_2-2048x1477.jpg 2048w\" sizes=\"auto, (max-width: 1024px) 100vw, 1024px\" \/><\/figure>\n\n\n\n<figure class=\"wp-block-image size-large\"><img loading=\"lazy\" decoding=\"async\" width=\"1024\" height=\"618\" data-id=\"190\" src=\"https:\/\/www.imkerei-sauerland.de\/wp-content\/uploads\/2023\/02\/Wabe-1024x618.jpg\" alt=\"\" class=\"wp-image-190\" srcset=\"https:\/\/www.imkerei-sauerland.de\/wp-content\/uploads\/2023\/02\/Wabe-1024x618.jpg 1024w, https:\/\/www.imkerei-sauerland.de\/wp-content\/uploads\/2023\/02\/Wabe-300x181.jpg 300w, https:\/\/www.imkerei-sauerland.de\/wp-content\/uploads\/2023\/02\/Wabe-768x463.jpg 768w, https:\/\/www.imkerei-sauerland.de\/wp-content\/uploads\/2023\/02\/Wabe-1536x927.jpg 1536w, https:\/\/www.imkerei-sauerland.de\/wp-content\/uploads\/2023\/02\/Wabe.jpg 1790w\" sizes=\"auto, (max-width: 1024px) 100vw, 1024px\" \/><\/figure>\n\n\n\n<figure class=\"wp-block-image size-large\"><img loading=\"lazy\" decoding=\"async\" width=\"1024\" height=\"552\" data-id=\"188\" src=\"https:\/\/www.imkerei-sauerland.de\/wp-content\/uploads\/2023\/02\/Biene-1024x552.jpg\" alt=\"\" class=\"wp-image-188\" srcset=\"https:\/\/www.imkerei-sauerland.de\/wp-content\/uploads\/2023\/02\/Biene-1024x552.jpg 1024w, https:\/\/www.imkerei-sauerland.de\/wp-content\/uploads\/2023\/02\/Biene-300x162.jpg 300w, https:\/\/www.imkerei-sauerland.de\/wp-content\/uploads\/2023\/02\/Biene-768x414.jpg 768w, https:\/\/www.imkerei-sauerland.de\/wp-content\/uploads\/2023\/02\/Biene-1536x827.jpg 1536w, https:\/\/www.imkerei-sauerland.de\/wp-content\/uploads\/2023\/02\/Biene-2048x1103.jpg 2048w\" sizes=\"auto, (max-width: 1024px) 100vw, 1024px\" \/><\/figure>\n<\/figure>\n\n\n\n<p><\/p>\n\n\n\n<p class=\"has-large-font-size\">Bienen-Schaukasten<\/p>\n\n\n\n<div class=\"wp-block-media-text alignwide has-media-on-the-right is-stacked-on-mobile is-image-fill\" style=\"grid-template-columns:auto 39%\"><div class=\"wp-block-media-text__content\">\n<p class=\"has-text-align-left has-medium-font-size\">An unserem Standort haben wir f\u00fcr alle Interessierten einen Bienen-Schaukasten eingerichtet. <\/p>\n\n\n\n<p class=\"has-text-align-left has-medium-font-size\">Dort kann man problemlos und jeder Zeit einen Blick in das Volk werfen und unseren flei\u00dfigen Mitarbeiterinnen bei der Arbeit zusehen.<\/p>\n\n\n\n<p class=\"has-medium-font-size\">Auf drei R\u00e4hmchen zeigen sie jedem interessiert, der einen Blick wagt und die T\u00fcr \u00f6ffnet, wie sie ihre Waben ausbauen, Honig eintragen oder wie die K\u00f6nig Eier legt und die Arbeiterinnen sich dann um die Brut k\u00fcmmern. <\/p>\n<\/div><figure class=\"wp-block-media-text__media\" style=\"background-image:url(https:\/\/www.imkerei-sauerland.de\/wp-content\/uploads\/2023\/02\/Schaukasten-1-892x1024.jpg);background-position:58% 36%\"><img loading=\"lazy\" decoding=\"async\" width=\"892\" height=\"1024\" src=\"https:\/\/www.imkerei-sauerland.de\/wp-content\/uploads\/2023\/02\/Schaukasten-1-892x1024.jpg\" alt=\"\" class=\"wp-image-206 size-large\" srcset=\"https:\/\/www.imkerei-sauerland.de\/wp-content\/uploads\/2023\/02\/Schaukasten-1-892x1024.jpg 892w, https:\/\/www.imkerei-sauerland.de\/wp-content\/uploads\/2023\/02\/Schaukasten-1-261x300.jpg 261w, https:\/\/www.imkerei-sauerland.de\/wp-content\/uploads\/2023\/02\/Schaukasten-1-768x882.jpg 768w, https:\/\/www.imkerei-sauerland.de\/wp-content\/uploads\/2023\/02\/Schaukasten-1-1338x1536.jpg 1338w, https:\/\/www.imkerei-sauerland.de\/wp-content\/uploads\/2023\/02\/Schaukasten-1-1784x2048.jpg 1784w\" sizes=\"auto, (max-width: 892px) 100vw, 892px\" \/><\/figure><\/div>\n\n\n\n<p><\/p>\n\n\n\n<p class=\"has-large-font-size\">Unsere Bienen bei der t\u00e4glichen Arbeit<\/p>\n\n\n\n<div class=\"wp-block-columns is-layout-flex wp-container-core-columns-is-layout-9d6595d7 wp-block-columns-is-layout-flex\">\n<div class=\"wp-block-column is-layout-flow wp-block-column-is-layout-flow\">\n<figure class=\"wp-block-video\"><video height=\"1080\" style=\"aspect-ratio: 1114 \/ 1080;\" width=\"1114\" controls src=\"http:\/\/www.imkerei-sauerland.de\/wp-content\/uploads\/2023\/02\/IMG_8092-1.mov\"><\/video><figcaption class=\"wp-element-caption\">Unsere Schaukasten &#8211; Bienen<\/figcaption><\/figure>\n<\/div>\n\n\n\n<div class=\"wp-block-column is-layout-flow wp-block-column-is-layout-flow\">\n<figure class=\"wp-block-video\"><video height=\"1080\" style=\"aspect-ratio: 1920 \/ 1080;\" width=\"1920\" controls poster=\"http:\/\/www.imkerei-sauerland.de\/wp-content\/uploads\/2023\/02\/Bienenstand-scaled.jpg\" src=\"https:\/\/www.imkerei-sauerland.de\/wp-content\/uploads\/2023\/02\/IMG_4799.mov\"><\/video><figcaption class=\"wp-element-caption\">Unsere Bienen bei der Rapsernte<\/figcaption><\/figure>\n<\/div>\n\n\n\n<div class=\"wp-block-column is-layout-flow wp-block-column-is-layout-flow\">\n<figure class=\"wp-block-video\"><video height=\"1080\" style=\"aspect-ratio: 1920 \/ 1080;\" width=\"1920\" controls src=\"http:\/\/www.imkerei-sauerland.de\/wp-content\/uploads\/2023\/02\/IMG_7731.mov\"><\/video><figcaption class=\"wp-element-caption\">Unsere Bienen beim Start ins Fr\u00fchjahr<\/figcaption><\/figure>\n<\/div>\n<\/div>\n","protected":false},"excerpt":{"rendered":"<p>Unsere Honigbienen geh\u00f6ren zur Gattung der Buckfustbienen. Diese Bienenrasse hat eine sehr hohe Leistungsf\u00e4higkeit und ist sehr Widerstandsf\u00e4hig gegen\u00fcber Krankheiten. Sie ist zudem sehr anpassungsf\u00e4hig und kann sich sehr gut unseren immer st\u00e4rker wechselnden klimatischen Bedingungen anpassen. Zudem ist die Buckfustbiene sehr friedfertig und bringt eine hohe Honigernte. Eine einzelne Honigbiene muss f\u00fcr die ProduktionContinue reading &rarr;<\/p>\n","protected":false},"author":1,"featured_media":70,"parent":0,"menu_order":0,"comment_status":"closed","ping_status":"closed","template":"","meta":{"footnotes":""},"class_list":["post-20","page","type-page","status-publish","has-post-thumbnail","hentry","has-thumb"],"_links":{"self":[{"href":"https:\/\/www.imkerei-sauerland.de\/index.php?rest_route=\/wp\/v2\/pages\/20","targetHints":{"allow":["GET"]}}],"collection":[{"href":"https:\/\/www.imkerei-sauerland.de\/index.php?rest_route=\/wp\/v2\/pages"}],"about":[{"href":"https:\/\/www.imkerei-sauerland.de\/index.php?rest_route=\/wp\/v2\/types\/page"}],"author":[{"embeddable":true,"href":"https:\/\/www.imkerei-sauerland.de\/index.php?rest_route=\/wp\/v2\/users\/1"}],"replies":[{"embeddable":true,"href":"https:\/\/www.imkerei-sauerland.de\/index.php?rest_route=%2Fwp%2Fv2%2Fcomments&post=20"}],"version-history":[{"count":5,"href":"https:\/\/www.imkerei-sauerland.de\/index.php?rest_route=\/wp\/v2\/pages\/20\/revisions"}],"predecessor-version":[{"id":215,"href":"https:\/\/www.imkerei-sauerland.de\/index.php?rest_route=\/wp\/v2\/pages\/20\/revisions\/215"}],"wp:featuredmedia":[{"embeddable":true,"href":"https:\/\/www.imkerei-sauerland.de\/index.php?rest_route=\/wp\/v2\/media\/70"}],"wp:attachment":[{"href":"https:\/\/www.imkerei-sauerland.de\/index.php?rest_route=%2Fwp%2Fv2%2Fmedia&parent=20"}],"curies":[{"name":"wp","href":"https:\/\/api.w.org\/{rel}","templated":true}]}}