{"id":22,"date":"2021-01-17T15:05:11","date_gmt":"2021-01-17T14:05:11","guid":{"rendered":"http:\/\/www.imkerei-sauerland.de\/?page_id=22"},"modified":"2023-07-12T07:35:42","modified_gmt":"2023-07-12T05:35:42","slug":"unser-honig","status":"publish","type":"page","link":"https:\/\/www.imkerei-sauerland.de\/?page_id=22","title":{"rendered":"Unser Honig"},"content":{"rendered":"\n<div class=\"wp-block-group\"><div class=\"wp-block-group__inner-container is-layout-flow wp-block-group-is-layout-flow\">\n<figure class=\"wp-block-table no-border has-medium-font-size\"><table><tbody><tr><td><strong>Fr\u00fchjahrshonig<br><\/strong>Wir schleudern zweimal im Jahr und entlocken unseren Bienen dabei einmal Ende Mai oder Anfang Juni den Honig der Fr\u00fchjahrsbl\u00fcher. Dieser ist besonders gepr\u00e4gt durch die Rapsbl\u00fcte, wodurch ein sehr s\u00fc\u00dfer und cremiger Honig entsteht.<br><br><img loading=\"lazy\" decoding=\"async\" width=\"400\" height=\"343\" class=\"wp-image-136\" style=\"width: 400px;\" src=\"http:\/\/www.imkerei-sauerland.de\/wp-content\/uploads\/2021\/04\/Fruehjahrshonig.png\" alt=\"\" srcset=\"https:\/\/www.imkerei-sauerland.de\/wp-content\/uploads\/2021\/04\/Fruehjahrshonig.png 1012w, https:\/\/www.imkerei-sauerland.de\/wp-content\/uploads\/2021\/04\/Fruehjahrshonig-300x257.png 300w, https:\/\/www.imkerei-sauerland.de\/wp-content\/uploads\/2021\/04\/Fruehjahrshonig-768x659.png 768w\" sizes=\"auto, (max-width: 400px) 100vw, 400px\" \/><\/td><td><strong>Sommerhonig<\/strong><br>Mitte Juli wird dann unser Sommerhonig geschleudert. Dieser ist weniger s\u00fc\u00df, aber deutlich aromatischer und vielseitiger im Geschmack. Zudem zeichnet sich dieser Honig durch ein wesentlich dunkleren Farbton aus, er ist fl\u00fcssiger und nicht so cremig.<br><br><img loading=\"lazy\" decoding=\"async\" width=\"400\" height=\"343\" class=\"wp-image-135\" style=\"width: 400px;\" src=\"http:\/\/www.imkerei-sauerland.de\/wp-content\/uploads\/2021\/04\/Sommerhonig.png\" alt=\"\" srcset=\"https:\/\/www.imkerei-sauerland.de\/wp-content\/uploads\/2021\/04\/Sommerhonig.png 1012w, https:\/\/www.imkerei-sauerland.de\/wp-content\/uploads\/2021\/04\/Sommerhonig-300x257.png 300w, https:\/\/www.imkerei-sauerland.de\/wp-content\/uploads\/2021\/04\/Sommerhonig-768x659.png 768w\" sizes=\"auto, (max-width: 400px) 100vw, 400px\" \/><\/td><\/tr><\/tbody><\/table><\/figure>\n<\/div><\/div>\n\n\n\n<figure class=\"wp-block-gallery has-nested-images columns-default is-cropped wp-block-gallery-1 is-layout-flex wp-block-gallery-is-layout-flex\">\n<figure class=\"wp-block-image size-large\"><img loading=\"lazy\" decoding=\"async\" width=\"1024\" height=\"614\" data-id=\"196\" src=\"https:\/\/www.imkerei-sauerland.de\/wp-content\/uploads\/2023\/02\/Honig_1-1024x614.jpg\" alt=\"\" class=\"wp-image-196\" srcset=\"https:\/\/www.imkerei-sauerland.de\/wp-content\/uploads\/2023\/02\/Honig_1-1024x614.jpg 1024w, https:\/\/www.imkerei-sauerland.de\/wp-content\/uploads\/2023\/02\/Honig_1-300x180.jpg 300w, https:\/\/www.imkerei-sauerland.de\/wp-content\/uploads\/2023\/02\/Honig_1-768x460.jpg 768w, https:\/\/www.imkerei-sauerland.de\/wp-content\/uploads\/2023\/02\/Honig_1-1536x921.jpg 1536w, https:\/\/www.imkerei-sauerland.de\/wp-content\/uploads\/2023\/02\/Honig_1.jpg 1870w\" sizes=\"auto, (max-width: 1024px) 100vw, 1024px\" \/><figcaption class=\"wp-element-caption\">sehr s\u00fc\u00dfer Fr\u00fchjahrshonig<\/figcaption><\/figure>\n\n\n\n<figure class=\"wp-block-image size-large\"><img loading=\"lazy\" decoding=\"async\" width=\"1024\" height=\"699\" data-id=\"198\" src=\"https:\/\/www.imkerei-sauerland.de\/wp-content\/uploads\/2023\/02\/Honig_2-1024x699.jpg\" alt=\"\" class=\"wp-image-198\" srcset=\"https:\/\/www.imkerei-sauerland.de\/wp-content\/uploads\/2023\/02\/Honig_2-1024x699.jpg 1024w, https:\/\/www.imkerei-sauerland.de\/wp-content\/uploads\/2023\/02\/Honig_2-300x205.jpg 300w, https:\/\/www.imkerei-sauerland.de\/wp-content\/uploads\/2023\/02\/Honig_2-768x524.jpg 768w, https:\/\/www.imkerei-sauerland.de\/wp-content\/uploads\/2023\/02\/Honig_2-1536x1049.jpg 1536w, https:\/\/www.imkerei-sauerland.de\/wp-content\/uploads\/2023\/02\/Honig_2.jpg 1752w\" sizes=\"auto, (max-width: 1024px) 100vw, 1024px\" \/><figcaption class=\"wp-element-caption\">entdeckelte Honigwabe vorm Schleudern<\/figcaption><\/figure>\n\n\n\n<figure class=\"wp-block-image size-large\"><img loading=\"lazy\" decoding=\"async\" width=\"1024\" height=\"617\" data-id=\"197\" src=\"https:\/\/www.imkerei-sauerland.de\/wp-content\/uploads\/2023\/02\/Honig-1024x617.jpg\" alt=\"\" class=\"wp-image-197\" srcset=\"https:\/\/www.imkerei-sauerland.de\/wp-content\/uploads\/2023\/02\/Honig-1024x617.jpg 1024w, https:\/\/www.imkerei-sauerland.de\/wp-content\/uploads\/2023\/02\/Honig-300x181.jpg 300w, https:\/\/www.imkerei-sauerland.de\/wp-content\/uploads\/2023\/02\/Honig-768x463.jpg 768w, https:\/\/www.imkerei-sauerland.de\/wp-content\/uploads\/2023\/02\/Honig-1536x926.jpg 1536w, https:\/\/www.imkerei-sauerland.de\/wp-content\/uploads\/2023\/02\/Honig.jpg 1865w\" sizes=\"auto, (max-width: 1024px) 100vw, 1024px\" \/><figcaption class=\"wp-element-caption\">geschmacklich intensiver Sommerhonig<\/figcaption><\/figure>\n<\/figure>\n","protected":false},"excerpt":{"rendered":"<p>Fr\u00fchjahrshonigWir schleudern zweimal im Jahr und entlocken unseren Bienen dabei einmal Ende Mai oder Anfang Juni den Honig der Fr\u00fchjahrsbl\u00fcher. Dieser ist besonders gepr\u00e4gt durch die Rapsbl\u00fcte, wodurch ein sehr s\u00fc\u00dfer und cremiger Honig entsteht. SommerhonigMitte Juli wird dann unser Sommerhonig geschleudert. Dieser ist weniger s\u00fc\u00df, aber deutlich aromatischer und vielseitiger im Geschmack. Zudem zeichnetContinue reading &rarr;<\/p>\n","protected":false},"author":1,"featured_media":0,"parent":0,"menu_order":0,"comment_status":"closed","ping_status":"closed","template":"","meta":{"footnotes":""},"class_list":["post-22","page","type-page","status-publish","hentry","no-thumb"],"_links":{"self":[{"href":"https:\/\/www.imkerei-sauerland.de\/index.php?rest_route=\/wp\/v2\/pages\/22","targetHints":{"allow":["GET"]}}],"collection":[{"href":"https:\/\/www.imkerei-sauerland.de\/index.php?rest_route=\/wp\/v2\/pages"}],"about":[{"href":"https:\/\/www.imkerei-sauerland.de\/index.php?rest_route=\/wp\/v2\/types\/page"}],"author":[{"embeddable":true,"href":"https:\/\/www.imkerei-sauerland.de\/index.php?rest_route=\/wp\/v2\/users\/1"}],"replies":[{"embeddable":true,"href":"https:\/\/www.imkerei-sauerland.de\/index.php?rest_route=%2Fwp%2Fv2%2Fcomments&post=22"}],"version-history":[{"count":28,"href":"https:\/\/www.imkerei-sauerland.de\/index.php?rest_route=\/wp\/v2\/pages\/22\/revisions"}],"predecessor-version":[{"id":221,"href":"https:\/\/www.imkerei-sauerland.de\/index.php?rest_route=\/wp\/v2\/pages\/22\/revisions\/221"}],"wp:attachment":[{"href":"https:\/\/www.imkerei-sauerland.de\/index.php?rest_route=%2Fwp%2Fv2%2Fmedia&parent=22"}],"curies":[{"name":"wp","href":"https:\/\/api.w.org\/{rel}","templated":true}]}}