{"id":224,"date":"2023-07-12T07:25:05","date_gmt":"2023-07-12T05:25:05","guid":{"rendered":"https:\/\/www.imkerei-sauerland.de\/?page_id=224"},"modified":"2023-07-27T17:29:26","modified_gmt":"2023-07-27T15:29:26","slug":"ihre-bienen","status":"publish","type":"page","link":"https:\/\/www.imkerei-sauerland.de\/?page_id=224","title":{"rendered":"Ihre Bienen"},"content":{"rendered":"\n<p class=\"has-medium-font-size\">Wir bieten Ihnen die M\u00f6glichkeit unsere Bienen zu Ihren zu machen. <\/p>\n\n\n\n<p class=\"has-medium-font-size\"><strong>Bienen mieten f\u00fcr Unternehmen<\/strong><\/p>\n\n\n\n<p class=\"has-medium-font-size\">Sie m\u00f6chten als Unternehmen der Natur was zur\u00fcckgeben und sich f\u00fcr Nachhaltigkeit einsetzen! Dann sind sie bei uns genau richtig. Mieten sie sich doch einfach 40.000 Mitarbeiterinnen, die f\u00fcr sie Honig produzieren, den sie als Werbegeschenk mit ihrem Firmenlogo verschenken oder f\u00fcr ihren Mitarbeiter zur Verf\u00fcgung stellen k\u00f6nnen.<\/p>\n\n\n\n<p class=\"has-medium-font-size\">Oder sie m\u00f6chten sich gleichzeitig auch sozial engagieren, dann geben sie doch den Arbeitnehmern\/innen von morgen die Chance ein Bienenvolk kennenzulernen und von der Natur zu lernen. Finanzieren sie einer Schule oder einem Kindergarten ein Jahr mit einem Bienenvolk. <\/p>\n\n\n\n<p><\/p>\n\n\n\n<p class=\"has-medium-font-size\"><strong>Bienen mieten f\u00fcr St\u00e4dte und Gemeinden<\/strong> <\/p>\n\n\n\n<p class=\"has-medium-font-size\">Sie haben ein Kindergarten oder eine Schule, die sich mit dem Thema Nachhaltigkeit besch\u00e4ftigt? Dann ist das Thema Honig-Biene genau das Richtige. Sie k\u00f6nnen mit den Gruppen oder Klassen ganz viel Neues erfahren und alles hautnah am Bienenvolk miterleben. Wenn sie jetzt neugierig geworden sind, dann sprechen Sie uns an und wir k\u00f6nnen zusammen ein Konzept erstellen, wie sie die Biene durch das Jahr begleiten k\u00f6nnen. <\/p>\n\n\n\n<p class=\"has-medium-font-size\">Hier ein Beispiel beim Kindergarten Zwergentreff, wo wir mit den Kindern zusammen Honig geerntet haben:<\/p>\n\n\n\n<p><\/p>\n\n\n\n<figure class=\"wp-block-video alignleft\"><video height=\"480\" style=\"aspect-ratio: 848 \/ 480;\" width=\"848\" controls src=\"https:\/\/www.imkerei-sauerland.de\/wp-content\/uploads\/2023\/07\/WDR_Beitrag_ImkereiSauerland-1.mp4\"><\/video><\/figure>\n\n\n\n<p><\/p>\n\n\n\n<h2 class=\"wp-block-heading has-medium-font-size\"><strong>Bienen mieten f\u00fcr Privatpersonen<\/strong><\/h2>\n\n\n\n<p class=\"has-medium-font-size\">Sie wollten schon immer Bienen im eigenen Garten stehen haben, aber haben nicht die Zeit f\u00fcr das Imkern, m\u00f6chten aber trotzdem ihren eigenen Honig haben? Dann sind sie bei uns genau richtig. <\/p>\n\n\n\n<p class=\"has-medium-font-size\">Oder sie m\u00f6chten erst mal in das Hobby der Imkerei einsteigen und ausprobieren, ob es was f\u00fcr sie ist? Dann mieten sie bei uns ein Volk und wir statten sie f\u00fcr das Bienenjahr mit dem entsprechenden Equipment f\u00fcr den Anfang aus. Wir arbeiten uns gemeinsam durch das Jahr, sie testen alles aus und bekommen das wichtigsten Grundwissen mit auf dem Weg. Sprechen Sie uns an, wir helfen ihnen gerne weiter und beraten Sie.<\/p>\n\n\n\n<p><\/p>\n\n\n\n<p class=\"has-medium-font-size\">Haben wir ihr Interesse f\u00fcr ein Modell geweckt und  konnten wir sie f\u00fcr unsere tatkr\u00e4ftigen Mitarbeiterinnen begeistern? Dann stehen folgende Punkte in unserem gemeinsamen Bienenjahr auf dem Programm: <\/p>\n\n\n\n<figure class=\"wp-block-gallery has-nested-images columns-default is-cropped wp-block-gallery-1 is-layout-flex wp-block-gallery-is-layout-flex\">\n<figure class=\"wp-block-image size-large\"><img loading=\"lazy\" decoding=\"async\" width=\"564\" height=\"1024\" data-id=\"243\" src=\"https:\/\/www.imkerei-sauerland.de\/wp-content\/uploads\/2023\/07\/Zeitablauf_Bienenvermietung_2-564x1024.jpg\" alt=\"\" class=\"wp-image-243\" srcset=\"https:\/\/www.imkerei-sauerland.de\/wp-content\/uploads\/2023\/07\/Zeitablauf_Bienenvermietung_2-564x1024.jpg 564w, https:\/\/www.imkerei-sauerland.de\/wp-content\/uploads\/2023\/07\/Zeitablauf_Bienenvermietung_2-165x300.jpg 165w, https:\/\/www.imkerei-sauerland.de\/wp-content\/uploads\/2023\/07\/Zeitablauf_Bienenvermietung_2-768x1394.jpg 768w, https:\/\/www.imkerei-sauerland.de\/wp-content\/uploads\/2023\/07\/Zeitablauf_Bienenvermietung_2-847x1536.jpg 847w, https:\/\/www.imkerei-sauerland.de\/wp-content\/uploads\/2023\/07\/Zeitablauf_Bienenvermietung_2-1129x2048.jpg 1129w, https:\/\/www.imkerei-sauerland.de\/wp-content\/uploads\/2023\/07\/Zeitablauf_Bienenvermietung_2-scaled.jpg 1411w\" sizes=\"auto, (max-width: 564px) 100vw, 564px\" \/><\/figure>\n<\/figure>\n\n\n\n<div class=\"wp-block-group\"><div class=\"wp-block-group__inner-container is-layout-constrained wp-block-group-is-layout-constrained\"><\/div><\/div>\n","protected":false},"excerpt":{"rendered":"<p>Wir bieten Ihnen die M\u00f6glichkeit unsere Bienen zu Ihren zu machen. Bienen mieten f\u00fcr Unternehmen Sie m\u00f6chten als Unternehmen der Natur was zur\u00fcckgeben und sich f\u00fcr Nachhaltigkeit einsetzen! Dann sind sie bei uns genau richtig. Mieten sie sich doch einfach 40.000 Mitarbeiterinnen, die f\u00fcr sie Honig produzieren, den sie als Werbegeschenk mit ihrem Firmenlogo verschenkenContinue reading &rarr;<\/p>\n","protected":false},"author":2,"featured_media":0,"parent":0,"menu_order":0,"comment_status":"closed","ping_status":"closed","template":"","meta":{"footnotes":""},"class_list":["post-224","page","type-page","status-publish","hentry","no-thumb"],"_links":{"self":[{"href":"https:\/\/www.imkerei-sauerland.de\/index.php?rest_route=\/wp\/v2\/pages\/224","targetHints":{"allow":["GET"]}}],"collection":[{"href":"https:\/\/www.imkerei-sauerland.de\/index.php?rest_route=\/wp\/v2\/pages"}],"about":[{"href":"https:\/\/www.imkerei-sauerland.de\/index.php?rest_route=\/wp\/v2\/types\/page"}],"author":[{"embeddable":true,"href":"https:\/\/www.imkerei-sauerland.de\/index.php?rest_route=\/wp\/v2\/users\/2"}],"replies":[{"embeddable":true,"href":"https:\/\/www.imkerei-sauerland.de\/index.php?rest_route=%2Fwp%2Fv2%2Fcomments&post=224"}],"version-history":[{"count":8,"href":"https:\/\/www.imkerei-sauerland.de\/index.php?rest_route=\/wp\/v2\/pages\/224\/revisions"}],"predecessor-version":[{"id":254,"href":"https:\/\/www.imkerei-sauerland.de\/index.php?rest_route=\/wp\/v2\/pages\/224\/revisions\/254"}],"wp:attachment":[{"href":"https:\/\/www.imkerei-sauerland.de\/index.php?rest_route=%2Fwp%2Fv2%2Fmedia&parent=224"}],"curies":[{"name":"wp","href":"https:\/\/api.w.org\/{rel}","templated":true}]}}